{"id":25,"date":"2019-05-08T10:30:01","date_gmt":"2019-05-08T10:30:01","guid":{"rendered":"http:\/\/bluebirdcaye.gid8.net\/?page_id=25"},"modified":"2022-02-21T19:27:57","modified_gmt":"2022-02-21T19:27:57","slug":"apartment","status":"publish","type":"page","link":"https:\/\/casa-leopardo.com\/de\/apartment\/","title":{"rendered":"Private Rental Chalet"},"content":{"rendered":"<div data-elementor-type=\"wp-post\" data-elementor-id=\"25\" class=\"elementor elementor-25\">\n\t\t\t\t\t\t\t\t\t<section class=\"elementor-section elementor-top-section elementor-element elementor-element-4d6661cb elementor-section-full_width elementor-section-height-default elementor-section-height-default\" data-id=\"4d6661cb\" data-element_type=\"section\">\n\t\t\t\t\t\t<div class=\"elementor-container elementor-column-gap-no\">\n\t\t\t\t\t<div class=\"elementor-column elementor-col-100 elementor-top-column elementor-element elementor-element-2d515309\" data-id=\"2d515309\" data-element_type=\"column\">\n\t\t\t<div class=\"elementor-widget-wrap\">\n\t\t\t\t\t\t\t\t\t<\/div>\n\t\t<\/div>\n\t\t\t\t\t\t\t<\/div>\n\t\t<\/section>\n\t\t\t\t<section class=\"elementor-section elementor-top-section elementor-element elementor-element-8f89639 elementor-section-boxed elementor-section-height-default elementor-section-height-default\" data-id=\"8f89639\" data-element_type=\"section\">\n\t\t\t\t\t\t<div class=\"elementor-container elementor-column-gap-default\">\n\t\t\t\t\t<div class=\"elementor-column elementor-col-100 elementor-top-column elementor-element elementor-element-51441865\" data-id=\"51441865\" data-element_type=\"column\">\n\t\t\t<div class=\"elementor-widget-wrap elementor-element-populated\">\n\t\t\t\t\t\t\t\t<div class=\"elementor-element elementor-element-dac323f elementor-widget elementor-widget-text-editor\" data-id=\"dac323f\" data-element_type=\"widget\" data-widget_type=\"text-editor.default\">\n\t\t\t\t<div class=\"elementor-widget-container\">\n\t\t\t\t\t\t\t<p>Das zus\u00e4tzliche Apartment verf\u00fcgt \u00fcber 1 Doppel-Schlafzimmer, 1 Wohnzimmer und 1 Badezimmer (Schlafgelegenheiten f\u00fcr 4 Personen). Das Apartment kann mit dem Haupthaus verbunden werden, so dass in Kombination eine grosse Einheit entsteht, welche somit maximal 12 Personen beherbergen kann. Beide, Haupthaus und Apartment, verf\u00fcgen \u00fcber moderne, voll ausgestattete Designer- K\u00fcchen.<\/p>\t\t\t\t\t\t<\/div>\n\t\t\t\t<\/div>\n\t\t\t\t\t<\/div>\n\t\t<\/div>\n\t\t\t\t\t\t\t<\/div>\n\t\t<\/section>\n\t\t\t\t\t\t\t<\/div>","protected":false},"excerpt":{"rendered":"<p>Apartments LIVING ROOM Bedrooms KITCHEN Bathroom The additional apartment contains 1 double bedroom, 1 living room and 1 bathroom (sleeping option for 4 persons). The apartment can be connected to the house so it becomes one big property and can host up to 12 persons. Each one, main house und apartment, have modern, fully equipped [&hellip;]<\/p>","protected":false},"author":2,"featured_media":0,"parent":0,"menu_order":0,"comment_status":"closed","ping_status":"closed","template":"page-nav-transparent.php","meta":[],"yoast_head":"<!-- This site is optimized with the Yoast SEO plugin v19.13 - https:\/\/yoast.com\/wordpress\/plugins\/seo\/ -->\n<title>Book Luxury Holiday Rentals Apartment in Swiss Alps, St Moritz Switzerland - Casa Leopardo<\/title>\n<meta name=\"description\" content=\"The apartment of Casa Leopardo in Swiss Alps, St Moritz Switzerland contains 1 double bedroom, 1 living room and 1 bathroom. To book your stay email at info@villa-colibri.com!\" \/>\n<meta name=\"robots\" content=\"index, follow, max-snippet:-1, max-image-preview:large, max-video-preview:-1\" \/>\n<link rel=\"canonical\" href=\"https:\/\/casa-leopardo.com\/de\/apartment\/\" \/>\n<meta property=\"og:locale\" content=\"de_DE\" \/>\n<meta property=\"og:type\" content=\"article\" \/>\n<meta property=\"og:title\" content=\"Book Luxury Holiday Rentals Apartment in Swiss Alps, St Moritz Switzerland - Casa Leopardo\" \/>\n<meta property=\"og:description\" content=\"The apartment of Casa Leopardo in Swiss Alps, St Moritz Switzerland contains 1 double bedroom, 1 living room and 1 bathroom. To book your stay email at info@villa-colibri.com!\" \/>\n<meta property=\"og:url\" content=\"https:\/\/casa-leopardo.com\/de\/apartment\/\" \/>\n<meta property=\"og:site_name\" content=\"Casa Leopardo\" \/>\n<meta property=\"article:modified_time\" content=\"2022-02-21T19:27:57+00:00\" \/>\n<meta property=\"og:image\" content=\"https:\/\/casa-leopardo.com\/wp-content\/uploads\/2019\/07\/Casa-Leopardo-Maloja_0018_CL2018-27.jpg\" \/>\n<meta name=\"twitter:card\" content=\"summary_large_image\" \/>\n<meta name=\"twitter:title\" content=\"Book Luxury Holiday Rentals Apartment in Swiss Alps, St Moritz Switzerland - Casa Leopardo\" \/>\n<meta name=\"twitter:description\" content=\"The apartment of Casa Leopardo in Swiss Alps, St Moritz Switzerland contains 1 double bedroom, 1 living room and 1 bathroom. To book your stay email at info@villa-colibri.com!\" \/>\n<meta name=\"twitter:label1\" content=\"Gesch\u00e4tzte Lesezeit\" \/>\n\t<meta name=\"twitter:data1\" content=\"4\u00a0Minuten\" \/>\n<!-- \/ Yoast SEO plugin. -->","yoast_head_json":{"title":"Book Luxury Holiday Rentals Apartment in Swiss Alps, St Moritz Switzerland - Casa Leopardo","description":"The apartment of Casa Leopardo in Swiss Alps, St Moritz Switzerland contains 1 double bedroom, 1 living room and 1 bathroom. To book your stay email at info@villa-colibri.com!","robots":{"index":"index","follow":"follow","max-snippet":"max-snippet:-1","max-image-preview":"max-image-preview:large","max-video-preview":"max-video-preview:-1"},"canonical":"https:\/\/casa-leopardo.com\/de\/apartment\/","og_locale":"de_DE","og_type":"article","og_title":"Book Luxury Holiday Rentals Apartment in Swiss Alps, St Moritz Switzerland - Casa Leopardo","og_description":"The apartment of Casa Leopardo in Swiss Alps, St Moritz Switzerland contains 1 double bedroom, 1 living room and 1 bathroom. To book your stay email at info@villa-colibri.com!","og_url":"https:\/\/casa-leopardo.com\/de\/apartment\/","og_site_name":"Casa Leopardo","article_modified_time":"2022-02-21T19:27:57+00:00","og_image":[{"url":"https:\/\/casa-leopardo.com\/wp-content\/uploads\/2019\/07\/Casa-Leopardo-Maloja_0018_CL2018-27.jpg"}],"twitter_card":"summary_large_image","twitter_title":"Book Luxury Holiday Rentals Apartment in Swiss Alps, St Moritz Switzerland - Casa Leopardo","twitter_description":"The apartment of Casa Leopardo in Swiss Alps, St Moritz Switzerland contains 1 double bedroom, 1 living room and 1 bathroom. To book your stay email at info@villa-colibri.com!","twitter_misc":{"Gesch\u00e4tzte Lesezeit":"4\u00a0Minuten"},"schema":{"@context":"https:\/\/schema.org","@graph":[{"@type":"WebPage","@id":"https:\/\/casa-leopardo.com\/apartment\/","url":"https:\/\/casa-leopardo.com\/apartment\/","name":"Book Luxury Holiday Rentals Apartment in Swiss Alps, St Moritz Switzerland - Casa Leopardo","isPartOf":{"@id":"https:\/\/casa-leopardo.com\/#website"},"datePublished":"2019-05-08T10:30:01+00:00","dateModified":"2022-02-21T19:27:57+00:00","description":"The apartment of Casa Leopardo in Swiss Alps, St Moritz Switzerland contains 1 double bedroom, 1 living room and 1 bathroom. To book your stay email at info@villa-colibri.com!","breadcrumb":{"@id":"https:\/\/casa-leopardo.com\/apartment\/#breadcrumb"},"inLanguage":"de","potentialAction":[{"@type":"ReadAction","target":["https:\/\/casa-leopardo.com\/apartment\/"]}]},{"@type":"BreadcrumbList","@id":"https:\/\/casa-leopardo.com\/apartment\/#breadcrumb","itemListElement":[{"@type":"ListItem","position":1,"name":"Home","item":"https:\/\/casa-leopardo.com\/"},{"@type":"ListItem","position":2,"name":"Private Rental Chalet"}]},{"@type":"WebSite","@id":"https:\/\/casa-leopardo.com\/#website","url":"https:\/\/casa-leopardo.com\/","name":"Casa Leopardo","description":"","publisher":{"@id":"https:\/\/casa-leopardo.com\/#organization"},"potentialAction":[{"@type":"SearchAction","target":{"@type":"EntryPoint","urlTemplate":"https:\/\/casa-leopardo.com\/?s={search_term_string}"},"query-input":"required name=search_term_string"}],"inLanguage":"de"},{"@type":"Organization","@id":"https:\/\/casa-leopardo.com\/#organization","name":"Casa Leopardo","url":"https:\/\/casa-leopardo.com\/","logo":{"@type":"ImageObject","inLanguage":"de","@id":"https:\/\/casa-leopardo.com\/#\/schema\/logo\/image\/","url":"https:\/\/casa-leopardo.com\/wp-content\/uploads\/2019\/05\/logo-casa-leopardo_logo.png","contentUrl":"https:\/\/casa-leopardo.com\/wp-content\/uploads\/2019\/05\/logo-casa-leopardo_logo.png","width":600,"height":513,"caption":"Casa Leopardo"},"image":{"@id":"https:\/\/casa-leopardo.com\/#\/schema\/logo\/image\/"}}]}},"_links":{"self":[{"href":"https:\/\/casa-leopardo.com\/de\/wp-json\/wp\/v2\/pages\/25"}],"collection":[{"href":"https:\/\/casa-leopardo.com\/de\/wp-json\/wp\/v2\/pages"}],"about":[{"href":"https:\/\/casa-leopardo.com\/de\/wp-json\/wp\/v2\/types\/page"}],"author":[{"embeddable":true,"href":"https:\/\/casa-leopardo.com\/de\/wp-json\/wp\/v2\/users\/2"}],"replies":[{"embeddable":true,"href":"https:\/\/casa-leopardo.com\/de\/wp-json\/wp\/v2\/comments?post=25"}],"version-history":[{"count":15,"href":"https:\/\/casa-leopardo.com\/de\/wp-json\/wp\/v2\/pages\/25\/revisions"}],"predecessor-version":[{"id":1557,"href":"https:\/\/casa-leopardo.com\/de\/wp-json\/wp\/v2\/pages\/25\/revisions\/1557"}],"wp:attachment":[{"href":"https:\/\/casa-leopardo.com\/de\/wp-json\/wp\/v2\/media?parent=25"}],"curies":[{"name":"wp","href":"https:\/\/api.w.org\/{rel}","templated":true}]}}