{"id":23,"date":"2019-05-08T07:57:35","date_gmt":"2019-05-08T07:57:35","guid":{"rendered":"http:\/\/bluebirdcaye.gid8.net\/?page_id=9"},"modified":"2022-03-08T16:59:26","modified_gmt":"2022-03-08T16:59:26","slug":"home-page","status":"publish","type":"page","link":"https:\/\/casa-leopardo.com\/it\/","title":{"rendered":"Home Page"},"content":{"rendered":"<div data-elementor-type=\"wp-post\" data-elementor-id=\"23\" class=\"elementor elementor-23\">\n\t\t\t\t\t\t\t\t\t<section class=\"elementor-section elementor-top-section elementor-element elementor-element-a268269 elementor-section-full_width elementor-section-height-default elementor-section-height-default\" data-id=\"a268269\" data-element_type=\"section\" data-settings=\"{&quot;background_background&quot;:&quot;slideshow&quot;,&quot;background_slideshow_gallery&quot;:[{&quot;id&quot;:641,&quot;url&quot;:&quot;https:\\\/\\\/casa-leopardo.com\\\/wp-content\\\/uploads\\\/2019\\\/05\\\/CL2018-18.jpg&quot;},{&quot;id&quot;:639,&quot;url&quot;:&quot;https:\\\/\\\/casa-leopardo.com\\\/wp-content\\\/uploads\\\/2019\\\/05\\\/CL2018-14.jpg&quot;},{&quot;id&quot;:640,&quot;url&quot;:&quot;https:\\\/\\\/casa-leopardo.com\\\/wp-content\\\/uploads\\\/2019\\\/05\\\/CL2018-15.jpg&quot;},{&quot;id&quot;:714,&quot;url&quot;:&quot;https:\\\/\\\/casa-leopardo.com\\\/wp-content\\\/uploads\\\/2019\\\/07\\\/Casa-Leopardo-Maloja_0020_CL2018-24.jpg&quot;},{&quot;id&quot;:1161,&quot;url&quot;:&quot;https:\\\/\\\/casa-leopardo.com\\\/wp-content\\\/uploads\\\/casa-leopardo-living-room.jpg&quot;},{&quot;id&quot;:1182,&quot;url&quot;:&quot;https:\\\/\\\/casa-leopardo.com\\\/wp-content\\\/uploads\\\/casa-leopardo-second-eating-room.jpg&quot;}],&quot;background_slideshow_slide_transition&quot;:&quot;slide_right&quot;,&quot;background_slideshow_loop&quot;:&quot;yes&quot;,&quot;background_slideshow_slide_duration&quot;:5000,&quot;background_slideshow_transition_duration&quot;:500}\">\n\t\t\t\t\t\t<div class=\"elementor-container elementor-column-gap-default\">\n\t\t\t\t\t<div class=\"elementor-column elementor-col-100 elementor-top-column elementor-element elementor-element-51a7254\" data-id=\"51a7254\" data-element_type=\"column\">\n\t\t\t<div class=\"elementor-widget-wrap elementor-element-populated\">\n\t\t\t\t\t\t\t\t<div class=\"elementor-element elementor-element-07c9bd4 elementor-widget elementor-widget-spacer\" data-id=\"07c9bd4\" data-element_type=\"widget\" data-widget_type=\"spacer.default\">\n\t\t\t\t<div class=\"elementor-widget-container\">\n\t\t\t\t\t<div class=\"elementor-spacer\">\n\t\t\t<div class=\"elementor-spacer-inner\"><\/div>\n\t\t<\/div>\n\t\t\t\t<\/div>\n\t\t\t\t<\/div>\n\t\t\t\t<section class=\"elementor-section elementor-inner-section elementor-element elementor-element-6b615b3 elementor-section-boxed elementor-section-height-default elementor-section-height-default\" data-id=\"6b615b3\" data-element_type=\"section\" data-settings=\"{&quot;background_background&quot;:&quot;classic&quot;}\">\n\t\t\t\t\t\t<div class=\"elementor-container elementor-column-gap-default\">\n\t\t\t\t\t<div class=\"elementor-column elementor-col-100 elementor-inner-column elementor-element elementor-element-9af809b\" data-id=\"9af809b\" data-element_type=\"column\">\n\t\t\t<div class=\"elementor-widget-wrap elementor-element-populated\">\n\t\t\t\t\t\t\t\t<div class=\"elementor-element elementor-element-6363c76 elementor-widget__width-inherit elementor-widget elementor-widget-text-editor\" data-id=\"6363c76\" data-element_type=\"widget\" data-widget_type=\"text-editor.default\">\n\t\t\t\t<div class=\"elementor-widget-container\">\n\t\t\t\t\t\t\t<p><span style=\"color: #eaeaea; font-family: Camomile, sans-serif; font-size: 21px; letter-spacing: -1.1px; background-color: rgba(0, 0, 0, 0.74);\">Casa Leopardo \u2013 Rent a unique and luxurious <span style=\"color: #ffffff;\">mountain<\/span> chalet in the Swiss Alps<\/span><\/p><p><span style=\"font-size: 17px; text-align: justify; background-color: rgba(0, 0, 0, 0.74); color: #eaeaea; font-family: Camomile, sans-serif; letter-spacing: -1.1px; font-weight: var( --e-global-typography-text-font-weight );\">Casa Leopardo \u00e8 una propriet\u00e0 contemporanea rinnovata di recente che vanta un ambiente elegante e una splendida posizione immersa nella natura. \u00c8 stato progettato dal famoso architetto svizzero Ernst E. Anderegg, un apprendista del leggendario Frank Lloyd Wright. Questo chalet alpino, con le sue spettacolari viste sulle montagne, \u00e8 idealmente situato nello splendido paesaggio naturale di Maloja. Si trova a pochi passi dal bellissimo lago di Sils e nelle immediate vicinanze dell'esclusiva localit\u00e0 di St. Moritz. Le ampie zone giorno e i mobili stravaganti migliorano la sua atmosfera di calore e lusso.<\/span><\/p>\t\t\t\t\t\t<\/div>\n\t\t\t\t<\/div>\n\t\t\t\t\t<\/div>\n\t\t<\/div>\n\t\t\t\t\t\t\t<\/div>\n\t\t<\/section>\n\t\t\t\t\t<\/div>\n\t\t<\/div>\n\t\t\t\t\t\t\t<\/div>\n\t\t<\/section>\n\t\t\t\t<section class=\"elementor-section elementor-top-section elementor-element elementor-element-c10c78d elementor-section-boxed elementor-section-height-default elementor-section-height-default\" data-id=\"c10c78d\" data-element_type=\"section\">\n\t\t\t\t\t\t<div class=\"elementor-container elementor-column-gap-default\">\n\t\t\t\t\t<div class=\"elementor-column elementor-col-100 elementor-top-column elementor-element elementor-element-b328c9c\" data-id=\"b328c9c\" data-element_type=\"column\">\n\t\t\t<div class=\"elementor-widget-wrap elementor-element-populated\">\n\t\t\t\t\t\t\t\t<div class=\"elementor-element elementor-element-3868512 elementor-widget-divider--view-line elementor-widget elementor-widget-divider\" data-id=\"3868512\" data-element_type=\"widget\" data-widget_type=\"divider.default\">\n\t\t\t\t<div class=\"elementor-widget-container\">\n\t\t\t\t\t<div class=\"elementor-divider\">\n\t\t\t<span class=\"elementor-divider-separator\">\n\t\t\t\t\t\t<\/span>\n\t\t<\/div>\n\t\t\t\t<\/div>\n\t\t\t\t<\/div>\n\t\t\t\t<div class=\"elementor-element elementor-element-d9a82e5 elementor-widget elementor-widget-text-editor\" data-id=\"d9a82e5\" data-element_type=\"widget\" data-widget_type=\"text-editor.default\">\n\t\t\t\t<div class=\"elementor-widget-container\">\n\t\t\t\t\t\t\t<h2 style=\"text-align: justify; ; font-size: 21px; font-family: Camomile, sans-serif; color: #000000; padding-left: 40px;\" data-elementor-setting-key=\"title\" data-pen-placeholder=\"Type Here...\">Enjoy a wonderful vacation in the world-renowned luxury chalet rental and ski resort of St. Moritz<\/h2>\n<h2 style=\"padding-left: 40px;\"><span style=\"color: #000000; font-family: Camomile, sans-serif; font-size: 17px; text-align: justify;\">Casa Leopardo is the perfect mountain escape to enjoy a deluxe stay at luxury chalet rental, with access to the pristine Engadine valley region and its abundant offerings. Enjoy the natural beauty of the Engadine, experience the glamorous lifestyle of nearby St. Moritz, or venture on magnificent excursions to adjacent Italy.<\/span><\/h2>\t\t\t\t\t\t<\/div>\n\t\t\t\t<\/div>\n\t\t\t\t<div class=\"elementor-element elementor-element-b87e111 elementor-widget elementor-widget-text-editor\" data-id=\"b87e111\" data-element_type=\"widget\" data-widget_type=\"text-editor.default\">\n\t\t\t\t<div class=\"elementor-widget-container\">\n\t\t\t\t\t\t\t<h2 style=\"text-align: justify; ; font-size: 21px; font-family: Camomile, sans-serif; color: #000000; padding-left: 40px;\" data-elementor-setting-key=\"title\" data-pen-placeholder=\"Type Here...\">Luxury Chalet Rental and ski resort of St. Moritz<\/h2>\n<h2 style=\"padding-left: 40px;\"><span style=\"color: #000000; font-family: Camomile, sans-serif; font-size: 17px; text-align: justify;\">The fabled mountain resort of St. Moritz offers an unrivaled selection of world-class winter and summer activities. Style, elegance, class and exclusivity are the words that characterize it best. No matter the season, St. Moritz is the ideal destination for a most memorable holiday experience at luxury chalet rental.\n\nIn winter, the area is a haven for winter sports enthusiasts. There are many famous St. Moritz events including &#8220;White Turf&#8221; horse racing on frozen Lake St. Moritz, as well as polo tournaments, music and gourmet festivals. During your stay at Casa Leopardo, if you would like to enjoy alpine skiing, the Maloja ski area is within walking distance. The neighbouring Corvatsch-Furtschellas ski area, and Corviglia ski area in St. Moritz, can both be reached by a quick 15-minute drive. Cross-country skiing is accessible directly from the house, as the slopes are nearby. In fact, the famous Engadine Ski Marathon starts in Maloja.\n\nIn summer, the valley transforms into one of the most beautiful mountain landscapes in all of Europe&#8211;an exquisite spot for hiking, climbing, and touring. It provides a truly inspiring backdrop for unforgettable hikes, mountain bike tours, water sports activities such as kitesurfing, or just blissful relaxation.\n\nGuests from the world over appreciate the unique lifestyle of St. Moritz, with its variety of first-class restaurants, as well as high-end shopping and services.<\/span><\/h2>\t\t\t\t\t\t<\/div>\n\t\t\t\t<\/div>\n\t\t\t\t\t<\/div>\n\t\t<\/div>\n\t\t\t\t\t\t\t<\/div>\n\t\t<\/section>\n\t\t\t\t\t\t\t<\/div>","protected":false},"excerpt":{"rendered":"<p>Casa Leopardo \u2013 Rent a unique and luxurious mountain chalet in the Swiss Alps Casa Leopardo is a newly remodeled, contemporary property that boasts a stylish ambience and a stunning location embedded in nature. It was designed by the famous Swiss architect Ernst E. Anderegg, an apprentice of the legendary Frank Lloyd Wright. This Alpine [&hellip;]<\/p>","protected":false},"author":2,"featured_media":684,"parent":0,"menu_order":0,"comment_status":"closed","ping_status":"closed","template":"","meta":[],"yoast_head":"<!-- This site is optimized with the Yoast SEO plugin v19.13 - https:\/\/yoast.com\/wordpress\/plugins\/seo\/ -->\n<title>Luxury chalet rental in St. Moritz , Switzerland Casa-Leopardo<\/title>\n<meta name=\"description\" content=\"Luxury chalet rental from casa-leopardo provides best Holiday private rental in Saint Moritz for Vacation Swiss Alps. Contact now for booking.\" \/>\n<meta name=\"robots\" content=\"index, follow, max-snippet:-1, max-image-preview:large, max-video-preview:-1\" \/>\n<link rel=\"canonical\" href=\"https:\/\/casa-leopardo.com\/it\/\" \/>\n<meta property=\"og:locale\" content=\"it_IT\" \/>\n<meta property=\"og:type\" content=\"article\" \/>\n<meta property=\"og:title\" content=\"Luxury chalet rental in St. Moritz , Switzerland Casa-Leopardo\" \/>\n<meta property=\"og:description\" content=\"Luxury chalet rental from casa-leopardo provides best Holiday private rental in Saint Moritz for Vacation Swiss Alps. Contact now for booking.\" \/>\n<meta property=\"og:url\" content=\"https:\/\/casa-leopardo.com\/it\/\" \/>\n<meta property=\"og:site_name\" content=\"Casa Leopardo\" \/>\n<meta property=\"article:modified_time\" content=\"2022-03-08T16:59:26+00:00\" \/>\n<meta property=\"og:image\" content=\"https:\/\/casa-leopardo.com\/wp-content\/uploads\/2019\/05\/logo-casa-leopardo_logo.png\" \/>\n\t<meta property=\"og:image:width\" content=\"600\" \/>\n\t<meta property=\"og:image:height\" content=\"513\" \/>\n\t<meta property=\"og:image:type\" content=\"image\/png\" \/>\n<meta name=\"twitter:card\" content=\"summary_large_image\" \/>\n<meta name=\"twitter:label1\" content=\"Tempo di lettura stimato\" \/>\n\t<meta name=\"twitter:data1\" content=\"2 minuti\" \/>\n<!-- \/ Yoast SEO plugin. -->","yoast_head_json":{"title":"Luxury chalet rental in St. Moritz , Switzerland Casa-Leopardo","description":"Luxury chalet rental from casa-leopardo provides best Holiday private rental in Saint Moritz for Vacation Swiss Alps. Contact now for booking.","robots":{"index":"index","follow":"follow","max-snippet":"max-snippet:-1","max-image-preview":"max-image-preview:large","max-video-preview":"max-video-preview:-1"},"canonical":"https:\/\/casa-leopardo.com\/it\/","og_locale":"it_IT","og_type":"article","og_title":"Luxury chalet rental in St. Moritz , Switzerland Casa-Leopardo","og_description":"Luxury chalet rental from casa-leopardo provides best Holiday private rental in Saint Moritz for Vacation Swiss Alps. Contact now for booking.","og_url":"https:\/\/casa-leopardo.com\/it\/","og_site_name":"Casa Leopardo","article_modified_time":"2022-03-08T16:59:26+00:00","og_image":[{"width":600,"height":513,"url":"https:\/\/casa-leopardo.com\/wp-content\/uploads\/2019\/05\/logo-casa-leopardo_logo.png","type":"image\/png"}],"twitter_card":"summary_large_image","twitter_misc":{"Tempo di lettura stimato":"2 minuti"},"schema":{"@context":"https:\/\/schema.org","@graph":[{"@type":"WebPage","@id":"https:\/\/casa-leopardo.com\/","url":"https:\/\/casa-leopardo.com\/","name":"Luxury chalet rental in St. Moritz , Switzerland Casa-Leopardo","isPartOf":{"@id":"https:\/\/casa-leopardo.com\/#website"},"datePublished":"2019-05-08T07:57:35+00:00","dateModified":"2022-03-08T16:59:26+00:00","description":"Luxury chalet rental from casa-leopardo provides best Holiday private rental in Saint Moritz for Vacation Swiss Alps. Contact now for booking.","breadcrumb":{"@id":"https:\/\/casa-leopardo.com\/#breadcrumb"},"inLanguage":"it-IT","potentialAction":[{"@type":"ReadAction","target":["https:\/\/casa-leopardo.com\/"]}]},{"@type":"BreadcrumbList","@id":"https:\/\/casa-leopardo.com\/#breadcrumb","itemListElement":[{"@type":"ListItem","position":1,"name":"Home","item":"https:\/\/casa-leopardo.com\/"},{"@type":"ListItem","position":2,"name":"Home Page"}]},{"@type":"WebSite","@id":"https:\/\/casa-leopardo.com\/#website","url":"https:\/\/casa-leopardo.com\/","name":"Casa Leopardo","description":"","publisher":{"@id":"https:\/\/casa-leopardo.com\/#organization"},"potentialAction":[{"@type":"SearchAction","target":{"@type":"EntryPoint","urlTemplate":"https:\/\/casa-leopardo.com\/?s={search_term_string}"},"query-input":"required name=search_term_string"}],"inLanguage":"it-IT"},{"@type":"Organization","@id":"https:\/\/casa-leopardo.com\/#organization","name":"Casa Leopardo","url":"https:\/\/casa-leopardo.com\/","logo":{"@type":"ImageObject","inLanguage":"it-IT","@id":"https:\/\/casa-leopardo.com\/#\/schema\/logo\/image\/","url":"https:\/\/casa-leopardo.com\/wp-content\/uploads\/2019\/05\/logo-casa-leopardo_logo.png","contentUrl":"https:\/\/casa-leopardo.com\/wp-content\/uploads\/2019\/05\/logo-casa-leopardo_logo.png","width":600,"height":513,"caption":"Casa Leopardo"},"image":{"@id":"https:\/\/casa-leopardo.com\/#\/schema\/logo\/image\/"}}]}},"_links":{"self":[{"href":"https:\/\/casa-leopardo.com\/it\/wp-json\/wp\/v2\/pages\/23"}],"collection":[{"href":"https:\/\/casa-leopardo.com\/it\/wp-json\/wp\/v2\/pages"}],"about":[{"href":"https:\/\/casa-leopardo.com\/it\/wp-json\/wp\/v2\/types\/page"}],"author":[{"embeddable":true,"href":"https:\/\/casa-leopardo.com\/it\/wp-json\/wp\/v2\/users\/2"}],"replies":[{"embeddable":true,"href":"https:\/\/casa-leopardo.com\/it\/wp-json\/wp\/v2\/comments?post=23"}],"version-history":[{"count":193,"href":"https:\/\/casa-leopardo.com\/it\/wp-json\/wp\/v2\/pages\/23\/revisions"}],"predecessor-version":[{"id":1587,"href":"https:\/\/casa-leopardo.com\/it\/wp-json\/wp\/v2\/pages\/23\/revisions\/1587"}],"wp:featuredmedia":[{"embeddable":true,"href":"https:\/\/casa-leopardo.com\/it\/wp-json\/wp\/v2\/media\/684"}],"wp:attachment":[{"href":"https:\/\/casa-leopardo.com\/it\/wp-json\/wp\/v2\/media?parent=23"}],"curies":[{"name":"wp","href":"https:\/\/api.w.org\/{rel}","templated":true}]}}